
{"id":4752,"date":"2024-07-14T19:27:53","date_gmt":"2024-07-15T01:27:53","guid":{"rendered":"https:\/\/web.upnfm.edu.hn\/come\/?page_id=4752"},"modified":"2024-08-07T18:22:33","modified_gmt":"2024-08-08T00:22:33","slug":"posteres-2024","status":"publish","type":"page","link":"https:\/\/web.upnfm.edu.hn\/come\/?page_id=4752","title":{"rendered":"P\u00f3steres  2024"},"content":{"rendered":"\t\t<div data-elementor-type=\"wp-page\" data-elementor-id=\"4752\" class=\"elementor elementor-4752\">\n\t\t\t\t\t\t<div class=\"elementor-inner\">\n\t\t\t\t<div class=\"elementor-section-wrap\">\n\t\t\t\t\t\t\t\t\t<section class=\"elementor-section elementor-top-section elementor-element elementor-element-94748d0 elementor-section-boxed elementor-section-height-default elementor-section-height-default wpr-particle-no wpr-jarallax-no wpr-parallax-no wpr-sticky-section-no\" data-id=\"94748d0\" data-element_type=\"section\">\n\t\t\t\t\t\t<div class=\"elementor-container elementor-column-gap-default\">\n\t\t\t\t\t\t\t<div class=\"elementor-row\">\n\t\t\t\t\t<div class=\"elementor-column elementor-col-100 elementor-top-column elementor-element elementor-element-465b6f4\" data-id=\"465b6f4\" data-element_type=\"column\">\n\t\t\t<div class=\"elementor-column-wrap elementor-element-populated\">\n\t\t\t\t\t\t\t<div class=\"elementor-widget-wrap\">\n\t\t\t\t\t\t<div class=\"elementor-element elementor-element-b3e0d7c elementor-widget elementor-widget-text-editor\" data-id=\"b3e0d7c\" data-element_type=\"widget\" data-widget_type=\"text-editor.default\">\n\t\t\t\t<div class=\"elementor-widget-container\">\n\t\t\t\t\t\t\t\t<div class=\"elementor-text-editor elementor-clearfix\">\n\t\t\t\t<p>Un p\u00f3ster es un medio visual para comunicar los resultados de un trabajo investigativo, experiencia de clase o una reflexi\u00f3n te\u00f3rica. Un p\u00f3ster no es simplemente un art\u00edculo presentado en otro formato. El p\u00f3ster, a diferencia del art\u00edculo, es de car\u00e1cter m\u00e1s gr\u00e1fico. Un buen p\u00f3ster debe guiar al espectador usando una l\u00f3gica visual, con una estructura jer\u00e1rquica que enfatice los puntos principales del trabajo. En un p\u00f3ster se consideran dos aspectos: El contenido: \u00bfQu\u00e9 queremos decir a trav\u00e9s del p\u00f3ster?. Queremos presentar un estudio, una experiencia, un trabajo determinado. La presentaci\u00f3n: \u00bfC\u00f3mo vamos a presentarlo? \u00bfC\u00f3mo vamos a estructurar la informaci\u00f3n?<\/p>\t\t\t\t\t<\/div>\n\t\t\t\t\t\t<\/div>\n\t\t\t\t<\/div>\n\t\t\t\t\t\t<\/div>\n\t\t\t\t\t<\/div>\n\t\t<\/div>\n\t\t\t\t\t\t\t\t<\/div>\n\t\t\t\t\t<\/div>\n\t\t<\/section>\n\t\t\t\t<section class=\"elementor-section elementor-top-section elementor-element elementor-element-2f60dba elementor-section-boxed elementor-section-height-default elementor-section-height-default wpr-particle-no wpr-jarallax-no wpr-parallax-no wpr-sticky-section-no\" data-id=\"2f60dba\" data-element_type=\"section\">\n\t\t\t\t\t\t<div class=\"elementor-container elementor-column-gap-default\">\n\t\t\t\t\t\t\t<div class=\"elementor-row\">\n\t\t\t\t\t<div class=\"elementor-column elementor-col-100 elementor-top-column elementor-element elementor-element-e941272\" data-id=\"e941272\" data-element_type=\"column\">\n\t\t\t<div class=\"elementor-column-wrap elementor-element-populated\">\n\t\t\t\t\t\t\t<div class=\"elementor-widget-wrap\">\n\t\t\t\t\t\t<div class=\"elementor-element elementor-element-d68b2e2 elementor-widget elementor-widget-spacer\" data-id=\"d68b2e2\" data-element_type=\"widget\" data-widget_type=\"spacer.default\">\n\t\t\t\t<div class=\"elementor-widget-container\">\n\t\t\t\t\t<div class=\"elementor-spacer\">\n\t\t\t<div class=\"elementor-spacer-inner\"><\/div>\n\t\t<\/div>\n\t\t\t\t<\/div>\n\t\t\t\t<\/div>\n\t\t\t\t\t\t<\/div>\n\t\t\t\t\t<\/div>\n\t\t<\/div>\n\t\t\t\t\t\t\t\t<\/div>\n\t\t\t\t\t<\/div>\n\t\t<\/section>\n\t\t\t\t<section class=\"elementor-section elementor-top-section elementor-element elementor-element-1242b04 elementor-section-boxed elementor-section-height-default elementor-section-height-default wpr-particle-no wpr-jarallax-no wpr-parallax-no wpr-sticky-section-no\" data-id=\"1242b04\" data-element_type=\"section\">\n\t\t\t\t\t\t<div class=\"elementor-container elementor-column-gap-default\">\n\t\t\t\t\t\t\t<div class=\"elementor-row\">\n\t\t\t\t\t<div class=\"elementor-column elementor-col-100 elementor-top-column elementor-element elementor-element-4eba1418\" data-id=\"4eba1418\" data-element_type=\"column\">\n\t\t\t<div class=\"elementor-column-wrap elementor-element-populated\">\n\t\t\t\t\t\t\t<div class=\"elementor-widget-wrap\">\n\t\t\t\t\t\t<div class=\"elementor-element elementor-element-4a5b494a elementor-widget elementor-widget-heading\" data-id=\"4a5b494a\" data-element_type=\"widget\" data-widget_type=\"heading.default\">\n\t\t\t\t<div class=\"elementor-widget-container\">\n\t\t\t<h2 class=\"elementor-heading-title elementor-size-default\">Lineamientos<\/h2>\t\t<\/div>\n\t\t\t\t<\/div>\n\t\t\t\t\t\t<\/div>\n\t\t\t\t\t<\/div>\n\t\t<\/div>\n\t\t\t\t\t\t\t\t<\/div>\n\t\t\t\t\t<\/div>\n\t\t<\/section>\n\t\t\t\t<section class=\"elementor-section elementor-top-section elementor-element elementor-element-245bdb9 elementor-section-boxed elementor-section-height-default elementor-section-height-default wpr-particle-no wpr-jarallax-no wpr-parallax-no wpr-sticky-section-no\" data-id=\"245bdb9\" data-element_type=\"section\">\n\t\t\t\t\t\t<div class=\"elementor-container elementor-column-gap-default\">\n\t\t\t\t\t\t\t<div class=\"elementor-row\">\n\t\t\t\t\t<div class=\"elementor-column elementor-col-100 elementor-top-column elementor-element elementor-element-67c59c60\" data-id=\"67c59c60\" data-element_type=\"column\">\n\t\t\t<div class=\"elementor-column-wrap elementor-element-populated\">\n\t\t\t\t\t\t\t<div class=\"elementor-widget-wrap\">\n\t\t\t\t\t\t<div class=\"elementor-element elementor-element-44ab1e85 elementor-tabs-alignment-stretch elementor-tabs-view-horizontal elementor-widget elementor-widget-tabs\" data-id=\"44ab1e85\" data-element_type=\"widget\" data-widget_type=\"tabs.default\">\n\t\t\t\t<div class=\"elementor-widget-container\">\n\t\t\t\t\t<div class=\"elementor-tabs\">\n\t\t\t<div class=\"elementor-tabs-wrapper\" role=\"tablist\" >\n\t\t\t\t\t\t\t\t\t<div id=\"elementor-tab-title-1151\" class=\"elementor-tab-title elementor-tab-desktop-title\" aria-selected=\"true\" data-tab=\"1\" role=\"tab\" tabindex=\"0\" aria-controls=\"elementor-tab-content-1151\" aria-expanded=\"false\"><a href=\"\">CATEGOR\u00cdAS:<\/a><\/div>\n\t\t\t\t\t\t\t\t\t<div id=\"elementor-tab-title-1152\" class=\"elementor-tab-title elementor-tab-desktop-title\" aria-selected=\"false\" data-tab=\"2\" role=\"tab\" tabindex=\"-1\" aria-controls=\"elementor-tab-content-1152\" aria-expanded=\"false\"><a href=\"\">CATEGOR\u00cdAS DEL CONCURSO<\/a><\/div>\n\t\t\t\t\t\t\t\t\t<div id=\"elementor-tab-title-1153\" class=\"elementor-tab-title elementor-tab-desktop-title\" aria-selected=\"false\" data-tab=\"3\" role=\"tab\" tabindex=\"-1\" aria-controls=\"elementor-tab-content-1153\" aria-expanded=\"false\"><a href=\"\">OBSERVACIONES A CONSIDERAR:<\/a><\/div>\n\t\t\t\t\t\t\t<\/div>\n\t\t\t<div class=\"elementor-tabs-content-wrapper\" role=\"tablist\" aria-orientation=\"vertical\">\n\t\t\t\t\t\t\t\t\t<div class=\"elementor-tab-title elementor-tab-mobile-title\" aria-selected=\"true\" data-tab=\"1\" role=\"tab\" tabindex=\"0\" aria-controls=\"elementor-tab-content-1151\" aria-expanded=\"false\">CATEGOR\u00cdAS:<\/div>\n\t\t\t\t\t<div id=\"elementor-tab-content-1151\" class=\"elementor-tab-content elementor-clearfix\" data-tab=\"1\" role=\"tabpanel\" aria-labelledby=\"elementor-tab-title-1151\" tabindex=\"0\" hidden=\"false\"><p>\u2022 Experiencias de clase.<\/p><p><br \/>\u2022 Propuestas\/Resultados de investigaci\u00f3n.<\/p><p><br \/>\u2022 Reflexiones te\u00f3ricas.<\/p><\/div>\n\t\t\t\t\t\t\t\t\t<div class=\"elementor-tab-title elementor-tab-mobile-title\" aria-selected=\"false\" data-tab=\"2\" role=\"tab\" tabindex=\"-1\" aria-controls=\"elementor-tab-content-1152\" aria-expanded=\"false\">CATEGOR\u00cdAS DEL CONCURSO<\/div>\n\t\t\t\t\t<div id=\"elementor-tab-content-1152\" class=\"elementor-tab-content elementor-clearfix\" data-tab=\"2\" role=\"tabpanel\" aria-labelledby=\"elementor-tab-title-1152\" tabindex=\"0\" hidden=\"hidden\"><p>\u27a3 Resultados\/propuestas de investigaci\u00f3n.<\/p><p>\u27a3 Experiencias de clase.<\/p><p>\u27a3 Reflexiones te\u00f3ricas.<\/p><\/div>\n\t\t\t\t\t\t\t\t\t<div class=\"elementor-tab-title elementor-tab-mobile-title\" aria-selected=\"false\" data-tab=\"3\" role=\"tab\" tabindex=\"-1\" aria-controls=\"elementor-tab-content-1153\" aria-expanded=\"false\">OBSERVACIONES A CONSIDERAR:<\/div>\n\t\t\t\t\t<div id=\"elementor-tab-content-1153\" class=\"elementor-tab-content elementor-clearfix\" data-tab=\"3\" role=\"tabpanel\" aria-labelledby=\"elementor-tab-title-1153\" tabindex=\"0\" hidden=\"hidden\"><ul><li>Utilizar tipos de letra \u201csencillos\u201d, por ejemplo, Arial o Calibri, y no m\u00e1s de dos tipos distintos en todo el p\u00f3ster.<\/li><li>El t\u00edtulo tiene que ser descriptivo y al mismo tiempo captar el inter\u00e9s del lector.<\/li><li>La organizaci\u00f3n de los contenidos es fundamental para que el contenido general del p\u00f3ster se entienda desde la primera mirada.<\/li><li>Diferenciar claramente los distintos apartados y ordenar las ideas.<\/li><li>Todos los datos e informaci\u00f3n incluidos en el p\u00f3ster deben ser relevantes. Si no es relevante, no lo incluya.<\/li><li>Prestar atenci\u00f3n a las faltas de ortograf\u00eda, las erratas pueden restar credibilidad a su trabajo.<\/li><li>Al menos un 50% del p\u00f3ster deber\u00eda ser contenido puramente visual: \u00edconos, gr\u00e1ficos, figuras y tablas.<\/li><li>Los diversos apartados deben separarse mediante leves espacios en blanco.<\/li><li>Dirigido a toda la comunidad acad\u00e9mica, nacionales y extranjeros.<\/li><li>No se aceptar\u00e1n p\u00f3steres que hayan participado en otros concursos o que hayan sido publicados, exhibidos o premiados con anterioridad.<\/li><li>El formato de presentaci\u00f3n deber\u00e1 ser en JPEG, PDF o PNG con una resoluci\u00f3n m\u00ednima entre 16 y 25 megap\u00edxeles.<\/li><li>La selecci\u00f3n de los p\u00f3steres ganadores depender\u00e1 de un jurado calificador.<\/li><li>Los participantes que incumplan cualquiera de los requisitos se\u00f1alados en la presente convocatoria no ser\u00e1n considerados para la presentaci\u00f3n.<\/li><li>Cualquier situaci\u00f3n no prevista en la presente convocatoria ser\u00e1 analizada y resuelta por la comisi\u00f3n de p\u00f3steres.<\/li><li>Se premiar\u00e1n los primeros 3 lugares<\/li><li>En caso de que tenga alguna duda, escriba al correo <a href=\"mailto:evasquez@upnfm.edu.hn\">evasquez@upnfm.edu.hn<\/a> o victor.cardenas@upnfm.edu.hn<\/li><\/ul><\/div>\n\t\t\t\t\t\t\t<\/div>\n\t\t<\/div>\n\t\t\t\t<\/div>\n\t\t\t\t<\/div>\n\t\t\t\t\t\t<\/div>\n\t\t\t\t\t<\/div>\n\t\t<\/div>\n\t\t\t\t\t\t\t\t<\/div>\n\t\t\t\t\t<\/div>\n\t\t<\/section>\n\t\t\t\t<section class=\"elementor-section elementor-top-section elementor-element elementor-element-17f60a98 elementor-section-boxed elementor-section-height-default elementor-section-height-default wpr-particle-no wpr-jarallax-no wpr-parallax-no wpr-sticky-section-no\" data-id=\"17f60a98\" data-element_type=\"section\">\n\t\t\t\t\t\t<div class=\"elementor-container elementor-column-gap-default\">\n\t\t\t\t\t\t\t<div class=\"elementor-row\">\n\t\t\t\t\t<div class=\"elementor-column elementor-col-100 elementor-top-column elementor-element elementor-element-20a73de8\" data-id=\"20a73de8\" data-element_type=\"column\">\n\t\t\t<div class=\"elementor-column-wrap elementor-element-populated\">\n\t\t\t\t\t\t\t<div class=\"elementor-widget-wrap\">\n\t\t\t\t\t\t<div class=\"elementor-element elementor-element-216a76d elementor-widget elementor-widget-heading\" data-id=\"216a76d\" data-element_type=\"widget\" data-widget_type=\"heading.default\">\n\t\t\t\t<div class=\"elementor-widget-container\">\n\t\t\t<h2 class=\"elementor-heading-title elementor-size-default\">Patrocinan<\/h2>\t\t<\/div>\n\t\t\t\t<\/div>\n\t\t\t\t<div class=\"elementor-element elementor-element-1c9576a elementor-widget elementor-widget-spacer\" data-id=\"1c9576a\" data-element_type=\"widget\" data-widget_type=\"spacer.default\">\n\t\t\t\t<div class=\"elementor-widget-container\">\n\t\t\t\t\t<div class=\"elementor-spacer\">\n\t\t\t<div class=\"elementor-spacer-inner\"><\/div>\n\t\t<\/div>\n\t\t\t\t<\/div>\n\t\t\t\t<\/div>\n\t\t\t\t<div class=\"elementor-element elementor-element-47f2c26 elementor-arrows-position-inside elementor-pagination-position-outside elementor-widget elementor-widget-image-carousel\" data-id=\"47f2c26\" data-element_type=\"widget\" data-settings=\"{&quot;pause_on_hover&quot;:&quot;no&quot;,&quot;pause_on_interaction&quot;:&quot;no&quot;,&quot;autoplay_speed&quot;:1000,&quot;speed&quot;:1000,&quot;navigation&quot;:&quot;both&quot;,&quot;autoplay&quot;:&quot;yes&quot;,&quot;infinite&quot;:&quot;yes&quot;}\" data-widget_type=\"image-carousel.default\">\n\t\t\t\t<div class=\"elementor-widget-container\">\n\t\t\t\t\t<div class=\"elementor-image-carousel-wrapper swiper-container\" dir=\"ltr\">\n\t\t\t<div class=\"elementor-image-carousel swiper-wrapper\" aria-live=\"off\">\n\t\t\t\t\t\t\t\t<div class=\"swiper-slide\" role=\"group\" aria-roledescription=\"slide\" aria-label=\"1 of 10\"><figure class=\"swiper-slide-inner\"><img decoding=\"async\" class=\"swiper-slide-image\" src=\"https:\/\/web.upnfm.edu.hn\/come\/wp-content\/uploads\/elementor\/thumbs\/Usa-qruphg4cma7or8zkashfbl7f7jzgcerc9ptig63nk0.png\" alt=\"Usa\" \/><\/figure><\/div><div class=\"swiper-slide\" role=\"group\" aria-roledescription=\"slide\" aria-label=\"2 of 10\"><figure class=\"swiper-slide-inner\"><img decoding=\"async\" class=\"swiper-slide-image\" src=\"https:\/\/web.upnfm.edu.hn\/come\/wp-content\/uploads\/elementor\/thumbs\/Terra-qruphdau1s3tsf3nr99jm3x1fedcpbg59bv20c7u2o.png\" alt=\"Terra\" \/><\/figure><\/div><div class=\"swiper-slide\" role=\"group\" aria-roledescription=\"slide\" aria-label=\"3 of 10\"><figure class=\"swiper-slide-inner\"><img decoding=\"async\" class=\"swiper-slide-image\" src=\"https:\/\/web.upnfm.edu.hn\/come\/wp-content\/uploads\/elementor\/thumbs\/rti_logo_510.jpg-qrup3gauv31zw9be0qpe74cct0ypqn77og597uuo74.webp\" alt=\"rti_logo_510.jpg\" \/><\/figure><\/div><div class=\"swiper-slide\" role=\"group\" aria-roledescription=\"slide\" aria-label=\"4 of 10\"><figure class=\"swiper-slide-inner\"><img decoding=\"async\" class=\"swiper-slide-image\" src=\"https:\/\/web.upnfm.edu.hn\/come\/wp-content\/uploads\/elementor\/thumbs\/IMG_7797-qrup3ef6hezf91e4bpw524tfm97zb8zr06ua9axgjk.jpg\" alt=\"IMG_7797\" \/><\/figure><\/div><div class=\"swiper-slide\" role=\"group\" aria-roledescription=\"slide\" aria-label=\"5 of 10\"><figure class=\"swiper-slide-inner\"><img decoding=\"async\" class=\"swiper-slide-image\" src=\"https:\/\/web.upnfm.edu.hn\/come\/wp-content\/uploads\/elementor\/thumbs\/COACEHL-qsa4xqnsuhmpn198zsr8h3e4a6swkpnlu6dtuvecxs.jpeg\" alt=\"COACEHL\" \/><\/figure><\/div><div class=\"swiper-slide\" role=\"group\" aria-roledescription=\"slide\" aria-label=\"6 of 10\"><figure class=\"swiper-slide-inner\"><img decoding=\"async\" class=\"swiper-slide-image\" src=\"https:\/\/web.upnfm.edu.hn\/come\/wp-content\/uploads\/elementor\/thumbs\/copemh-copia-2-qs1hb1hn9k2sdl1kbgctx3domaccvm742rs9m5h4w0.png\" alt=\"copemh copia 2\" \/><\/figure><\/div><div class=\"swiper-slide\" role=\"group\" aria-roledescription=\"slide\" aria-label=\"7 of 10\"><figure class=\"swiper-slide-inner\"><img decoding=\"async\" class=\"swiper-slide-image\" src=\"https:\/\/web.upnfm.edu.hn\/come\/wp-content\/uploads\/elementor\/thumbs\/dinant-qs1glufe2fl35vn4g29uky9vdgj5jp64y28pi4u1og.jpg\" alt=\"dinant\" \/><\/figure><\/div><div class=\"swiper-slide\" role=\"group\" aria-roledescription=\"slide\" aria-label=\"8 of 10\"><figure class=\"swiper-slide-inner\"><img decoding=\"async\" class=\"swiper-slide-image\" src=\"https:\/\/web.upnfm.edu.hn\/come\/wp-content\/uploads\/elementor\/thumbs\/LOGO-UPNFM-qs1czdfvfaz9mf5rb5z3zdjiz1m0467fcabeegabcw.jpeg\" alt=\"LOGO UPNFM\" \/><\/figure><\/div><div class=\"swiper-slide\" role=\"group\" aria-roledescription=\"slide\" aria-label=\"9 of 10\"><figure class=\"swiper-slide-inner\"><img decoding=\"async\" class=\"swiper-slide-image\" src=\"https:\/\/web.upnfm.edu.hn\/come\/wp-content\/uploads\/elementor\/thumbs\/CACESPROL-qry1fg3m6n893qup7rq82gg76n45cpx1ltvt9drdvk.png\" alt=\"CACESPROL\" \/><\/figure><\/div><div class=\"swiper-slide\" role=\"group\" aria-roledescription=\"slide\" aria-label=\"10 of 10\"><figure class=\"swiper-slide-inner\"><img decoding=\"async\" class=\"swiper-slide-image\" src=\"https:\/\/web.upnfm.edu.hn\/come\/wp-content\/uploads\/elementor\/thumbs\/LogoFundacionDiunsa-qrzfxesac9vtx85ql3f2177g5wlrma3ujwweuc8xkw.jpeg\" alt=\"LogoFundacionDiunsa\" \/><\/figure><\/div>\t\t\t<\/div>\n\t\t\t\t\t\t\t\t\t\t\t\t<div class=\"elementor-swiper-button elementor-swiper-button-prev\" role=\"button\" tabindex=\"0\">\n\t\t\t\t\t\t<i aria-hidden=\"true\" class=\"eicon-chevron-left\"><\/i>\t\t\t\t\t<\/div>\n\t\t\t\t\t<div class=\"elementor-swiper-button elementor-swiper-button-next\" role=\"button\" tabindex=\"0\">\n\t\t\t\t\t\t<i aria-hidden=\"true\" class=\"eicon-chevron-right\"><\/i>\t\t\t\t\t<\/div>\n\t\t\t\t\n\t\t\t\t\t\t\t\t\t<div class=\"swiper-pagination\"><\/div>\n\t\t\t\t\t\t\t\t\t<\/div>\n\t\t\t\t<\/div>\n\t\t\t\t<\/div>\n\t\t\t\t<div class=\"elementor-element elementor-element-50df1902 elementor-widget elementor-widget-spacer\" data-id=\"50df1902\" data-element_type=\"widget\" data-widget_type=\"spacer.default\">\n\t\t\t\t<div class=\"elementor-widget-container\">\n\t\t\t\t\t<div class=\"elementor-spacer\">\n\t\t\t<div class=\"elementor-spacer-inner\"><\/div>\n\t\t<\/div>\n\t\t\t\t<\/div>\n\t\t\t\t<\/div>\n\t\t\t\t\t\t<\/div>\n\t\t\t\t\t<\/div>\n\t\t<\/div>\n\t\t\t\t\t\t\t\t<\/div>\n\t\t\t\t\t<\/div>\n\t\t<\/section>\n\t\t\t\t\t\t\t\t\t<\/div>\n\t\t\t<\/div>\n\t\t\t\t\t<\/div>\n\t\t","protected":false},"excerpt":{"rendered":"<p>Un p\u00f3ster es un medio visual para comunicar los resultados de un trabajo investigativo, experiencia de clase o una reflexi\u00f3n te\u00f3rica. Un p\u00f3ster no es simplemente un art\u00edculo presentado en otro formato. El p\u00f3ster, a diferencia del art\u00edculo, es de car\u00e1cter m\u00e1s gr\u00e1fico. Un buen p\u00f3ster debe guiar al espectador usando una l\u00f3gica visual, con una estructura jer\u00e1rquica que enfatice los puntos principales del trabajo. En un p\u00f3ster se consideran dos aspectos: El contenido: \u00bfQu\u00e9 queremos decir a trav\u00e9s del p\u00f3ster?. Queremos presentar un estudio, una experiencia, un trabajo determinado. La presentaci\u00f3n: \u00bfC\u00f3mo vamos a presentarlo? \u00bfC\u00f3mo vamos a estructurar la informaci\u00f3n? Lineamientos CATEGOR\u00cdAS: CATEGOR\u00cdAS DEL CONCURSO OBSERVACIONES A CONSIDERAR: CATEGOR\u00cdAS: \u2022 Experiencias de clase. \u2022 Propuestas\/Resultados de investigaci\u00f3n. \u2022 Reflexiones te\u00f3ricas. CATEGOR\u00cdAS DEL CONCURSO \u27a3 Resultados\/propuestas de investigaci\u00f3n. \u27a3 Experiencias de clase. \u27a3 Reflexiones te\u00f3ricas. OBSERVACIONES A CONSIDERAR: Utilizar tipos de letra \u201csencillos\u201d, por ejemplo, Arial o Calibri, y no m\u00e1s de dos tipos distintos en todo el p\u00f3ster. El t\u00edtulo tiene que ser descriptivo y al mismo tiempo captar el inter\u00e9s del lector. La organizaci\u00f3n de los contenidos es fundamental para que el contenido general del p\u00f3ster se entienda desde la primera mirada. Diferenciar claramente los distintos apartados y ordenar las ideas. Todos los datos e informaci\u00f3n incluidos en el p\u00f3ster deben ser relevantes. Si no es relevante, no lo incluya. Prestar atenci\u00f3n a las faltas de ortograf\u00eda, las erratas pueden restar credibilidad a su trabajo. Al menos un 50% del p\u00f3ster deber\u00eda ser contenido puramente visual: \u00edconos, gr\u00e1ficos, figuras y tablas. Los diversos apartados deben separarse mediante leves espacios en blanco. Dirigido a toda la comunidad acad\u00e9mica, nacionales y extranjeros. No se aceptar\u00e1n p\u00f3steres que hayan participado en otros concursos o que hayan sido publicados, exhibidos o premiados con anterioridad. El formato de presentaci\u00f3n deber\u00e1 ser en JPEG, PDF o PNG con una resoluci\u00f3n m\u00ednima entre 16 y 25 megap\u00edxeles. La selecci\u00f3n de los p\u00f3steres ganadores depender\u00e1 de un jurado calificador. Los participantes que incumplan cualquiera de los requisitos se\u00f1alados en la presente convocatoria no ser\u00e1n considerados para la presentaci\u00f3n. Cualquier situaci\u00f3n no prevista en la presente convocatoria ser\u00e1 analizada y resuelta por la comisi\u00f3n de p\u00f3steres. Se premiar\u00e1n los primeros 3 lugares En caso de que tenga alguna duda, escriba al correo evasquez@upnfm.edu.hn o victor.cardenas@upnfm.edu.hn Patrocinan<\/p>\n","protected":false},"author":1,"featured_media":0,"parent":0,"menu_order":0,"comment_status":"closed","ping_status":"closed","template":"","meta":{"footnotes":""},"wf_page_folders":[15],"class_list":["post-4752","page","type-page","status-publish","hentry"],"_links":{"self":[{"href":"https:\/\/web.upnfm.edu.hn\/come\/index.php?rest_route=\/wp\/v2\/pages\/4752","targetHints":{"allow":["GET"]}}],"collection":[{"href":"https:\/\/web.upnfm.edu.hn\/come\/index.php?rest_route=\/wp\/v2\/pages"}],"about":[{"href":"https:\/\/web.upnfm.edu.hn\/come\/index.php?rest_route=\/wp\/v2\/types\/page"}],"author":[{"embeddable":true,"href":"https:\/\/web.upnfm.edu.hn\/come\/index.php?rest_route=\/wp\/v2\/users\/1"}],"replies":[{"embeddable":true,"href":"https:\/\/web.upnfm.edu.hn\/come\/index.php?rest_route=%2Fwp%2Fv2%2Fcomments&post=4752"}],"version-history":[{"count":10,"href":"https:\/\/web.upnfm.edu.hn\/come\/index.php?rest_route=\/wp\/v2\/pages\/4752\/revisions"}],"predecessor-version":[{"id":4948,"href":"https:\/\/web.upnfm.edu.hn\/come\/index.php?rest_route=\/wp\/v2\/pages\/4752\/revisions\/4948"}],"wp:attachment":[{"href":"https:\/\/web.upnfm.edu.hn\/come\/index.php?rest_route=%2Fwp%2Fv2%2Fmedia&parent=4752"}],"wp:term":[{"taxonomy":"wf_page_folders","embeddable":true,"href":"https:\/\/web.upnfm.edu.hn\/come\/index.php?rest_route=%2Fwp%2Fv2%2Fwf_page_folders&post=4752"}],"curies":[{"name":"wp","href":"https:\/\/api.w.org\/{rel}","templated":true}]}}